{"id":40,"date":"2019-08-21T01:09:42","date_gmt":"2019-08-20T22:09:42","guid":{"rendered":"http:\/\/talhabarut.com\/?page_id=40"},"modified":"2019-09-13T02:07:33","modified_gmt":"2019-09-12T23:07:33","slug":"yurt-disi-borclanmasi","status":"publish","type":"page","link":"https:\/\/talhabarut.com\/index.php\/yurt-disi-borclanmasi\/","title":{"rendered":"Yurt D\u0131\u015f\u0131 Bor\u00e7lanmas\u0131"},"content":{"rendered":"\n<div class=\"wp-block-columns has-2-columns is-layout-flex wp-container-core-columns-is-layout-9d6595d7 wp-block-columns-is-layout-flex\">\n<div class=\"wp-block-column is-layout-flow wp-block-column-is-layout-flow\">\n<p><br><strong>08\/5\/1985 tarihli ve 3201 say\u0131l\u0131 \u201cYurtd\u0131\u015f\u0131nda \u00c7al\u0131\u015fan T\u00fcrk Vatanda\u015flar\u0131n\u0131n Yurtd\u0131\u015f\u0131nda Ge\u00e7en S\u00fcrelerinin Sosyal G\u00fcvenlikleri Bak\u0131m\u0131ndan De\u011ferlendirilmesi Hakk\u0131nda Kanun<\/strong>\u201d, 22\/5\/1985 tarihli Resmi Gazetede yay\u0131mlanarak ayn\u0131 tarih itibari ile y\u00fcr\u00fcrl\u00fc\u011fe girmi\u015ftir.<br>Bu kanunla, T\u00fcrk vatanda\u015flar\u0131n\u0131n yurt d\u0131\u015f\u0131nda ge\u00e7en s\u00fcrelerinin bor\u00e7lanma yoluyla sosyal g\u00fcvenlikleri bak\u0131m\u0131ndan de\u011ferlendirilmesi ama\u00e7lanm\u0131\u015ft\u0131r.<\/p>\n\n\n\n<p> \u0130lgili kanun maddesine ula\u015fmak i\u00e7in <a rel=\"noreferrer noopener\" href=\"http:\/\/www.mevzuat.gov.tr\/MevzuatMetin\/1.5.3201.pdf\" target=\"_blank\">t\u0131klay\u0131n&#8230;<\/a> <br>Ayr\u0131nt\u0131l\u0131 bilgi i\u00e7in Talha Barut Hukuk B\u00fcromuz ile ileti\u015fime ge\u00e7ebilirsiniz.<br><strong>ileti\u015fim:<\/strong><br>E-mail: talhabarut@hotmail.com | info@talhabarut.com  <br><\/p>\n\n\n<div id=\"pl-gb40-69fcb08141b06\"  class=\"panel-layout\" ><div id=\"pg-gb40-69fcb08141b06-0\"  class=\"panel-grid panel-no-style\" ><div id=\"pgc-gb40-69fcb08141b06-0-0\"  class=\"panel-grid-cell\" ><div id=\"panel-gb40-69fcb08141b06-0-0-0\" class=\"so-panel widget widget_sow-social-media-buttons panel-first-child panel-last-child\" data-index=\"0\" ><div\n\t\t\t\n\t\t\tclass=\"so-widget-sow-social-media-buttons so-widget-sow-social-media-buttons-atom-71b0db8af3ff-40\"\n\t\t\t\n\t\t>\n<h3 class=\"widget-title\">Sosyal Medya Hesaplar\u0131m\u0131z:<\/h3>\n<div class=\"social-media-button-container\">\n\t\n\t\t<a \n\t\tclass=\"ow-button-hover sow-social-media-button-facebook-0 sow-social-media-button\" title=\"Facebook\" aria-label=\"Facebook\" target=\"_blank\" rel=\"noopener noreferrer\" href=\"https:\/\/www.facebook.com\/talha.barut.1\" \t\t>\n\t\t\t<span>\n\t\t\t\t\t\t\t\t<span class=\"sow-icon-fontawesome sow-fab\" data-sow-icon=\"&#xf39e;\"\n\t\t \n\t\taria-hidden=\"true\"><\/span>\t\t\t\t\t\t\t<\/span>\n\t\t<\/a>\n\t\n\t\t<a \n\t\tclass=\"ow-button-hover sow-social-media-button-x-twitter-0 sow-social-media-button\" title=\"Twitter\" aria-label=\"Twitter\" target=\"_blank\" rel=\"noopener noreferrer\" href=\"https:\/\/twitter.com\/Avukatbarut\/\" \t\t>\n\t\t\t<span>\n\t\t\t\t\t\t\t\t<span class=\"sow-icon-fontawesome sow-fab\" data-sow-icon=\"&#xe61b;\"\n\t\t \n\t\taria-hidden=\"true\"><\/span>\t\t\t\t\t\t\t<\/span>\n\t\t<\/a>\n\t\n\t\t<a \n\t\tclass=\"ow-button-hover sow-social-media-button-youtube-0 sow-social-media-button\" title=\"Youtube\" aria-label=\"Youtube\" target=\"_blank\" rel=\"noopener noreferrer\" href=\"https:\/\/www.youtube.com\/channel\/UCVcgSdThK-EFQQcnOuM9o5g\/videos\" \t\t>\n\t\t\t<span>\n\t\t\t\t\t\t\t\t<span class=\"sow-icon-fontawesome sow-fab\" data-sow-icon=\"&#xf167;\"\n\t\t \n\t\taria-hidden=\"true\"><\/span>\t\t\t\t\t\t\t<\/span>\n\t\t<\/a>\n\t\n\t\t<a \n\t\tclass=\"ow-button-hover sow-social-media-button-envelope-0 sow-social-media-button\" title=\"Email\" aria-label=\"Email\" target=\"_blank\" rel=\"noopener noreferrer\" href=\"mailto:%20av.talhabarut@googlemail.com\" \t\t>\n\t\t\t<span>\n\t\t\t\t\t\t\t\t<span class=\"sow-icon-fontawesome sow-fas\" data-sow-icon=\"&#xf0e0;\"\n\t\t \n\t\taria-hidden=\"true\"><\/span>\t\t\t\t\t\t\t<\/span>\n\t\t<\/a>\n\t<\/div>\n<\/div><\/div><\/div><\/div><\/div><\/div>\n\n\n\n<div class=\"wp-block-column is-layout-flow wp-block-column-is-layout-flow\">\n<figure class=\"wp-block-image\"><img loading=\"lazy\" decoding=\"async\" width=\"700\" height=\"572\" src=\"https:\/\/talhabarut.com\/wp-content\/uploads\/2019\/08\/sayfa_yurdisi_borc.jpg\" alt=\"\" class=\"wp-image-430\" srcset=\"https:\/\/talhabarut.com\/wp-content\/uploads\/2019\/08\/sayfa_yurdisi_borc.jpg 700w, https:\/\/talhabarut.com\/wp-content\/uploads\/2019\/08\/sayfa_yurdisi_borc-300x245.jpg 300w\" sizes=\"auto, (max-width: 700px) 100vw, 700px\" \/><\/figure>\n<\/div>\n<\/div>\n\n\n\n<p><\/p>\n","protected":false},"excerpt":{"rendered":"<p>08\/5\/1985 tarihli ve 3201 say\u0131l\u0131 \u201cYurtd\u0131\u015f\u0131nda \u00c7al\u0131\u015fan T\u00fcrk Vatanda\u015flar\u0131n\u0131n Yurtd\u0131\u015f\u0131nda Ge\u00e7en S\u00fcrelerinin Sosyal G\u00fcvenlikleri Bak\u0131m\u0131ndan De\u011ferlendirilmesi Hakk\u0131nda Kanun\u201d, 22\/5\/1985 tarihli Resmi Gazetede yay\u0131mlanarak ayn\u0131 tarih itibari ile y\u00fcr\u00fcrl\u00fc\u011fe girmi\u015ftir.Bu kanunla, T\u00fcrk vatanda\u015flar\u0131n\u0131n yurt d\u0131\u015f\u0131nda ge\u00e7en s\u00fcrelerinin bor\u00e7lanma yoluyla sosyal g\u00fcvenlikleri bak\u0131m\u0131ndan de\u011ferlendirilmesi ama\u00e7lanm\u0131\u015ft\u0131r. \u0130lgili kanun maddesine ula\u015fmak i\u00e7in t\u0131klay\u0131n&#8230; Ayr\u0131nt\u0131l\u0131 bilgi i\u00e7in Talha Barut Hukuk&hellip;<\/p>\n<p class=\"more-link\"><a href=\"https:\/\/talhabarut.com\/index.php\/yurt-disi-borclanmasi\/\" class=\"themebutton2\">Read More<\/a><\/p>\n","protected":false},"author":1,"featured_media":0,"parent":0,"menu_order":0,"comment_status":"closed","ping_status":"closed","template":"","meta":{"_exactmetrics_skip_tracking":false,"_exactmetrics_sitenote_active":false,"_exactmetrics_sitenote_note":"","_exactmetrics_sitenote_category":0,"footnotes":""},"class_list":["post-40","page","type-page","status-publish","hentry"],"yoast_head":"<!-- This site is optimized with the Yoast SEO plugin v24.9 - https:\/\/yoast.com\/wordpress\/plugins\/seo\/ -->\n<title>Yurt D\u0131\u015f\u0131 Bor\u00e7lanmas\u0131 - Talha Barut<\/title>\n<meta name=\"robots\" content=\"index, follow, max-snippet:-1, max-image-preview:large, max-video-preview:-1\" \/>\n<link rel=\"canonical\" href=\"https:\/\/talhabarut.com\/index.php\/yurt-disi-borclanmasi\/\" \/>\n<meta property=\"og:locale\" content=\"tr_TR\" \/>\n<meta property=\"og:type\" content=\"article\" \/>\n<meta property=\"og:title\" content=\"Yurt D\u0131\u015f\u0131 Bor\u00e7lanmas\u0131 - Talha Barut\" \/>\n<meta property=\"og:description\" content=\"08\/5\/1985 tarihli ve 3201 say\u0131l\u0131 \u201cYurtd\u0131\u015f\u0131nda \u00c7al\u0131\u015fan T\u00fcrk Vatanda\u015flar\u0131n\u0131n Yurtd\u0131\u015f\u0131nda Ge\u00e7en S\u00fcrelerinin Sosyal G\u00fcvenlikleri Bak\u0131m\u0131ndan De\u011ferlendirilmesi Hakk\u0131nda Kanun\u201d, 22\/5\/1985 tarihli Resmi Gazetede yay\u0131mlanarak ayn\u0131 tarih itibari ile y\u00fcr\u00fcrl\u00fc\u011fe girmi\u015ftir.Bu kanunla, T\u00fcrk vatanda\u015flar\u0131n\u0131n yurt d\u0131\u015f\u0131nda ge\u00e7en s\u00fcrelerinin bor\u00e7lanma yoluyla sosyal g\u00fcvenlikleri bak\u0131m\u0131ndan de\u011ferlendirilmesi ama\u00e7lanm\u0131\u015ft\u0131r. \u0130lgili kanun maddesine ula\u015fmak i\u00e7in t\u0131klay\u0131n&#8230; Ayr\u0131nt\u0131l\u0131 bilgi i\u00e7in Talha Barut Hukuk&hellip;Read More\" \/>\n<meta property=\"og:url\" content=\"https:\/\/talhabarut.com\/index.php\/yurt-disi-borclanmasi\/\" \/>\n<meta property=\"og:site_name\" content=\"Talha Barut\" \/>\n<meta property=\"article:modified_time\" content=\"2019-09-12T23:07:33+00:00\" \/>\n<meta property=\"og:image\" content=\"http:\/\/talhabarut.com\/wp-content\/uploads\/2019\/08\/sayfa_yurdisi_borc.jpg\" \/>\n<meta name=\"twitter:card\" content=\"summary_large_image\" \/>\n<meta name=\"twitter:label1\" content=\"Tahmini okuma s\u00fcresi\" \/>\n\t<meta name=\"twitter:data1\" content=\"1 dakika\" \/>\n<script type=\"application\/ld+json\" class=\"yoast-schema-graph\">{\"@context\":\"https:\/\/schema.org\",\"@graph\":[{\"@type\":\"WebPage\",\"@id\":\"https:\/\/talhabarut.com\/index.php\/yurt-disi-borclanmasi\/\",\"url\":\"https:\/\/talhabarut.com\/index.php\/yurt-disi-borclanmasi\/\",\"name\":\"Yurt D\u0131\u015f\u0131 Bor\u00e7lanmas\u0131 - Talha Barut\",\"isPartOf\":{\"@id\":\"https:\/\/talhabarut.com\/#website\"},\"primaryImageOfPage\":{\"@id\":\"https:\/\/talhabarut.com\/index.php\/yurt-disi-borclanmasi\/#primaryimage\"},\"image\":{\"@id\":\"https:\/\/talhabarut.com\/index.php\/yurt-disi-borclanmasi\/#primaryimage\"},\"thumbnailUrl\":\"http:\/\/talhabarut.com\/wp-content\/uploads\/2019\/08\/sayfa_yurdisi_borc.jpg\",\"datePublished\":\"2019-08-20T22:09:42+00:00\",\"dateModified\":\"2019-09-12T23:07:33+00:00\",\"breadcrumb\":{\"@id\":\"https:\/\/talhabarut.com\/index.php\/yurt-disi-borclanmasi\/#breadcrumb\"},\"inLanguage\":\"tr\",\"potentialAction\":[{\"@type\":\"ReadAction\",\"target\":[\"https:\/\/talhabarut.com\/index.php\/yurt-disi-borclanmasi\/\"]}]},{\"@type\":\"ImageObject\",\"inLanguage\":\"tr\",\"@id\":\"https:\/\/talhabarut.com\/index.php\/yurt-disi-borclanmasi\/#primaryimage\",\"url\":\"http:\/\/talhabarut.com\/wp-content\/uploads\/2019\/08\/sayfa_yurdisi_borc.jpg\",\"contentUrl\":\"http:\/\/talhabarut.com\/wp-content\/uploads\/2019\/08\/sayfa_yurdisi_borc.jpg\"},{\"@type\":\"BreadcrumbList\",\"@id\":\"https:\/\/talhabarut.com\/index.php\/yurt-disi-borclanmasi\/#breadcrumb\",\"itemListElement\":[{\"@type\":\"ListItem\",\"position\":1,\"name\":\"Ana sayfa\",\"item\":\"https:\/\/talhabarut.com\/\"},{\"@type\":\"ListItem\",\"position\":2,\"name\":\"Yurt D\u0131\u015f\u0131 Bor\u00e7lanmas\u0131\"}]},{\"@type\":\"WebSite\",\"@id\":\"https:\/\/talhabarut.com\/#website\",\"url\":\"https:\/\/talhabarut.com\/\",\"name\":\"Talha Barut\",\"description\":\"Anwalt \/ Avukat\",\"publisher\":{\"@id\":\"https:\/\/talhabarut.com\/#\/schema\/person\/043e4e4bf7a1cdc3c4892973f3237780\"},\"potentialAction\":[{\"@type\":\"SearchAction\",\"target\":{\"@type\":\"EntryPoint\",\"urlTemplate\":\"https:\/\/talhabarut.com\/?s={search_term_string}\"},\"query-input\":{\"@type\":\"PropertyValueSpecification\",\"valueRequired\":true,\"valueName\":\"search_term_string\"}}],\"inLanguage\":\"tr\"},{\"@type\":[\"Person\",\"Organization\"],\"@id\":\"https:\/\/talhabarut.com\/#\/schema\/person\/043e4e4bf7a1cdc3c4892973f3237780\",\"name\":\"Av. Talha Barut\",\"image\":{\"@type\":\"ImageObject\",\"inLanguage\":\"tr\",\"@id\":\"https:\/\/talhabarut.com\/#\/schema\/person\/image\/\",\"url\":\"https:\/\/talhabarut.com\/wp-content\/uploads\/2019\/08\/logo_200x90.jpg\",\"contentUrl\":\"https:\/\/talhabarut.com\/wp-content\/uploads\/2019\/08\/logo_200x90.jpg\",\"width\":200,\"height\":90,\"caption\":\"Av. Talha Barut\"},\"logo\":{\"@id\":\"https:\/\/talhabarut.com\/#\/schema\/person\/image\/\"},\"description\":\"Avukat Talha Barut Almanya\",\"sameAs\":[\"http:\/\/www.talhabarut.com\"]}]}<\/script>\n<!-- \/ Yoast SEO plugin. -->","yoast_head_json":{"title":"Yurt D\u0131\u015f\u0131 Bor\u00e7lanmas\u0131 - Talha Barut","robots":{"index":"index","follow":"follow","max-snippet":"max-snippet:-1","max-image-preview":"max-image-preview:large","max-video-preview":"max-video-preview:-1"},"canonical":"https:\/\/talhabarut.com\/index.php\/yurt-disi-borclanmasi\/","og_locale":"tr_TR","og_type":"article","og_title":"Yurt D\u0131\u015f\u0131 Bor\u00e7lanmas\u0131 - Talha Barut","og_description":"08\/5\/1985 tarihli ve 3201 say\u0131l\u0131 \u201cYurtd\u0131\u015f\u0131nda \u00c7al\u0131\u015fan T\u00fcrk Vatanda\u015flar\u0131n\u0131n Yurtd\u0131\u015f\u0131nda Ge\u00e7en S\u00fcrelerinin Sosyal G\u00fcvenlikleri Bak\u0131m\u0131ndan De\u011ferlendirilmesi Hakk\u0131nda Kanun\u201d, 22\/5\/1985 tarihli Resmi Gazetede yay\u0131mlanarak ayn\u0131 tarih itibari ile y\u00fcr\u00fcrl\u00fc\u011fe girmi\u015ftir.Bu kanunla, T\u00fcrk vatanda\u015flar\u0131n\u0131n yurt d\u0131\u015f\u0131nda ge\u00e7en s\u00fcrelerinin bor\u00e7lanma yoluyla sosyal g\u00fcvenlikleri bak\u0131m\u0131ndan de\u011ferlendirilmesi ama\u00e7lanm\u0131\u015ft\u0131r. \u0130lgili kanun maddesine ula\u015fmak i\u00e7in t\u0131klay\u0131n&#8230; Ayr\u0131nt\u0131l\u0131 bilgi i\u00e7in Talha Barut Hukuk&hellip;Read More","og_url":"https:\/\/talhabarut.com\/index.php\/yurt-disi-borclanmasi\/","og_site_name":"Talha Barut","article_modified_time":"2019-09-12T23:07:33+00:00","og_image":[{"url":"http:\/\/talhabarut.com\/wp-content\/uploads\/2019\/08\/sayfa_yurdisi_borc.jpg","type":"","width":"","height":""}],"twitter_card":"summary_large_image","twitter_misc":{"Tahmini okuma s\u00fcresi":"1 dakika"},"schema":{"@context":"https:\/\/schema.org","@graph":[{"@type":"WebPage","@id":"https:\/\/talhabarut.com\/index.php\/yurt-disi-borclanmasi\/","url":"https:\/\/talhabarut.com\/index.php\/yurt-disi-borclanmasi\/","name":"Yurt D\u0131\u015f\u0131 Bor\u00e7lanmas\u0131 - Talha Barut","isPartOf":{"@id":"https:\/\/talhabarut.com\/#website"},"primaryImageOfPage":{"@id":"https:\/\/talhabarut.com\/index.php\/yurt-disi-borclanmasi\/#primaryimage"},"image":{"@id":"https:\/\/talhabarut.com\/index.php\/yurt-disi-borclanmasi\/#primaryimage"},"thumbnailUrl":"http:\/\/talhabarut.com\/wp-content\/uploads\/2019\/08\/sayfa_yurdisi_borc.jpg","datePublished":"2019-08-20T22:09:42+00:00","dateModified":"2019-09-12T23:07:33+00:00","breadcrumb":{"@id":"https:\/\/talhabarut.com\/index.php\/yurt-disi-borclanmasi\/#breadcrumb"},"inLanguage":"tr","potentialAction":[{"@type":"ReadAction","target":["https:\/\/talhabarut.com\/index.php\/yurt-disi-borclanmasi\/"]}]},{"@type":"ImageObject","inLanguage":"tr","@id":"https:\/\/talhabarut.com\/index.php\/yurt-disi-borclanmasi\/#primaryimage","url":"http:\/\/talhabarut.com\/wp-content\/uploads\/2019\/08\/sayfa_yurdisi_borc.jpg","contentUrl":"http:\/\/talhabarut.com\/wp-content\/uploads\/2019\/08\/sayfa_yurdisi_borc.jpg"},{"@type":"BreadcrumbList","@id":"https:\/\/talhabarut.com\/index.php\/yurt-disi-borclanmasi\/#breadcrumb","itemListElement":[{"@type":"ListItem","position":1,"name":"Ana sayfa","item":"https:\/\/talhabarut.com\/"},{"@type":"ListItem","position":2,"name":"Yurt D\u0131\u015f\u0131 Bor\u00e7lanmas\u0131"}]},{"@type":"WebSite","@id":"https:\/\/talhabarut.com\/#website","url":"https:\/\/talhabarut.com\/","name":"Talha Barut","description":"Anwalt \/ Avukat","publisher":{"@id":"https:\/\/talhabarut.com\/#\/schema\/person\/043e4e4bf7a1cdc3c4892973f3237780"},"potentialAction":[{"@type":"SearchAction","target":{"@type":"EntryPoint","urlTemplate":"https:\/\/talhabarut.com\/?s={search_term_string}"},"query-input":{"@type":"PropertyValueSpecification","valueRequired":true,"valueName":"search_term_string"}}],"inLanguage":"tr"},{"@type":["Person","Organization"],"@id":"https:\/\/talhabarut.com\/#\/schema\/person\/043e4e4bf7a1cdc3c4892973f3237780","name":"Av. Talha Barut","image":{"@type":"ImageObject","inLanguage":"tr","@id":"https:\/\/talhabarut.com\/#\/schema\/person\/image\/","url":"https:\/\/talhabarut.com\/wp-content\/uploads\/2019\/08\/logo_200x90.jpg","contentUrl":"https:\/\/talhabarut.com\/wp-content\/uploads\/2019\/08\/logo_200x90.jpg","width":200,"height":90,"caption":"Av. Talha Barut"},"logo":{"@id":"https:\/\/talhabarut.com\/#\/schema\/person\/image\/"},"description":"Avukat Talha Barut Almanya","sameAs":["http:\/\/www.talhabarut.com"]}]}},"_links":{"self":[{"href":"https:\/\/talhabarut.com\/index.php\/wp-json\/wp\/v2\/pages\/40","targetHints":{"allow":["GET"]}}],"collection":[{"href":"https:\/\/talhabarut.com\/index.php\/wp-json\/wp\/v2\/pages"}],"about":[{"href":"https:\/\/talhabarut.com\/index.php\/wp-json\/wp\/v2\/types\/page"}],"author":[{"embeddable":true,"href":"https:\/\/talhabarut.com\/index.php\/wp-json\/wp\/v2\/users\/1"}],"replies":[{"embeddable":true,"href":"https:\/\/talhabarut.com\/index.php\/wp-json\/wp\/v2\/comments?post=40"}],"version-history":[{"count":6,"href":"https:\/\/talhabarut.com\/index.php\/wp-json\/wp\/v2\/pages\/40\/revisions"}],"predecessor-version":[{"id":678,"href":"https:\/\/talhabarut.com\/index.php\/wp-json\/wp\/v2\/pages\/40\/revisions\/678"}],"wp:attachment":[{"href":"https:\/\/talhabarut.com\/index.php\/wp-json\/wp\/v2\/media?parent=40"}],"curies":[{"name":"wp","href":"https:\/\/api.w.org\/{rel}","templated":true}]}}