{"id":33,"date":"2019-08-21T01:08:19","date_gmt":"2019-08-20T22:08:19","guid":{"rendered":"http:\/\/talhabarut.com\/?page_id=33"},"modified":"2019-09-14T00:05:39","modified_gmt":"2019-09-13T21:05:39","slug":"mavi-kart-ile-emeklilik","status":"publish","type":"page","link":"https:\/\/talhabarut.com\/index.php\/mavi-kart-ile-emeklilik\/","title":{"rendered":"Mavi Kart \u0130le Emeklilik"},"content":{"rendered":"\n<div class=\"wp-block-columns has-2-columns is-layout-flex wp-container-core-columns-is-layout-9d6595d7 wp-block-columns-is-layout-flex\">\n<div class=\"wp-block-column is-layout-flow wp-block-column-is-layout-flow\">\n<p><br><br> T\u00fcrkiye\u2019deki i\u015flemlerini devletin verdi\u011fi mavi kartla y\u00fcr\u00fcten \u00e7ifte vatanda\u015flar bor\u00e7lanarak emekli olmak istediklerinde, yasaya g\u00f6re dilek\u00e7e verdikleri tarihte T\u00fcrk vatanda\u015f\u0131 olmad\u0131klar\u0131 gerek\u00e7esiyle talepleri reddediliyor.<br>Yarg\u0131tay 21. Hukuk Dairesi 19 Eyl\u00fcl 2013 tarihli karar\u0131nda, \u00e7iftte vatanda\u015flar\u0131n ba\u015fvuru yapt\u0131klar\u0131 tarihte T\u00fcrk vatanda\u015f\u0131 olup olmad\u0131klar\u0131n\u0131n aranamayaca\u011f\u0131n\u0131, T\u00fcrk vatanda\u015fl\u0131\u011f\u0131nda ge\u00e7en s\u00fcreleri i\u00e7in bor\u00e7lanma yaparak T\u00fcrkiye\u2019den emekli olabileceklerine h\u00fckmetti. Bu karar sayesinde \u00f6rne\u011fin 47 ya\u015f\u0131nda Alman vatanda\u015fl\u0131\u011f\u0131na ge\u00e7en mavi kartl\u0131 ki\u015fi, 18-47 ya\u015f aras\u0131n\u0131 bor\u00e7lanarak emekli olabilecek.<br><br><strong>ileti\u015fim:<\/strong><br> E-mail: talhabarut@hotmail.com | info@talhabarut.com<\/p>\n\n\n<div id=\"pl-gb33-69fcb092e9be4\"  class=\"panel-layout\" ><div id=\"pg-gb33-69fcb092e9be4-0\"  class=\"panel-grid panel-no-style\" ><div id=\"pgc-gb33-69fcb092e9be4-0-0\"  class=\"panel-grid-cell\" ><div id=\"panel-gb33-69fcb092e9be4-0-0-0\" class=\"so-panel widget widget_sow-social-media-buttons panel-first-child panel-last-child\" data-index=\"0\" ><div\n\t\t\t\n\t\t\tclass=\"so-widget-sow-social-media-buttons so-widget-sow-social-media-buttons-atom-71b0db8af3ff-33\"\n\t\t\t\n\t\t>\n<h3 class=\"widget-title\">Sosyal Meday Hesaplar\u0131m\u0131z<\/h3>\n<div class=\"social-media-button-container\">\n\t\n\t\t<a \n\t\tclass=\"ow-button-hover sow-social-media-button-facebook-0 sow-social-media-button\" title=\"Facebook\" aria-label=\"Facebook\" target=\"_blank\" rel=\"noopener noreferrer\" href=\"https:\/\/www.facebook.com\/talha.barut.1\" \t\t>\n\t\t\t<span>\n\t\t\t\t\t\t\t\t<span class=\"sow-icon-fontawesome sow-fab\" data-sow-icon=\"&#xf39e;\"\n\t\t \n\t\taria-hidden=\"true\"><\/span>\t\t\t\t\t\t\t<\/span>\n\t\t<\/a>\n\t\n\t\t<a \n\t\tclass=\"ow-button-hover sow-social-media-button-x-twitter-0 sow-social-media-button\" title=\"Twitter\" aria-label=\"Twitter\" target=\"_blank\" rel=\"noopener noreferrer\" href=\"https:\/\/twitter.com\/Avukatbarut\/\" \t\t>\n\t\t\t<span>\n\t\t\t\t\t\t\t\t<span class=\"sow-icon-fontawesome sow-fab\" data-sow-icon=\"&#xe61b;\"\n\t\t \n\t\taria-hidden=\"true\"><\/span>\t\t\t\t\t\t\t<\/span>\n\t\t<\/a>\n\t\n\t\t<a \n\t\tclass=\"ow-button-hover sow-social-media-button-youtube-0 sow-social-media-button\" title=\"Youtube\" aria-label=\"Youtube\" target=\"_blank\" rel=\"noopener noreferrer\" href=\"https:\/\/www.youtube.com\/channel\/UCVcgSdThK-EFQQcnOuM9o5g\/videos\" \t\t>\n\t\t\t<span>\n\t\t\t\t\t\t\t\t<span class=\"sow-icon-fontawesome sow-fab\" data-sow-icon=\"&#xf167;\"\n\t\t \n\t\taria-hidden=\"true\"><\/span>\t\t\t\t\t\t\t<\/span>\n\t\t<\/a>\n\t\n\t\t<a \n\t\tclass=\"ow-button-hover sow-social-media-button-envelope-0 sow-social-media-button\" title=\"Email\" aria-label=\"Email\" target=\"_blank\" rel=\"noopener noreferrer\" href=\"mailto:%20av.talhabarut@googlemail.com\" \t\t>\n\t\t\t<span>\n\t\t\t\t\t\t\t\t<span class=\"sow-icon-fontawesome sow-fas\" data-sow-icon=\"&#xf0e0;\"\n\t\t \n\t\taria-hidden=\"true\"><\/span>\t\t\t\t\t\t\t<\/span>\n\t\t<\/a>\n\t<\/div>\n<\/div><\/div><\/div><\/div><\/div><\/div>\n\n\n\n<div class=\"wp-block-column is-layout-flow wp-block-column-is-layout-flow\">\n<figure class=\"wp-block-image\"><img loading=\"lazy\" decoding=\"async\" width=\"700\" height=\"572\" src=\"https:\/\/talhabarut.com\/wp-content\/uploads\/2019\/08\/sayfa_mavikart.jpg\" alt=\"\" class=\"wp-image-433\" srcset=\"https:\/\/talhabarut.com\/wp-content\/uploads\/2019\/08\/sayfa_mavikart.jpg 700w, https:\/\/talhabarut.com\/wp-content\/uploads\/2019\/08\/sayfa_mavikart-300x245.jpg 300w\" sizes=\"auto, (max-width: 700px) 100vw, 700px\" \/><\/figure>\n<\/div>\n<\/div>\n","protected":false},"excerpt":{"rendered":"<p>T\u00fcrkiye\u2019deki i\u015flemlerini devletin verdi\u011fi mavi kartla y\u00fcr\u00fcten \u00e7ifte vatanda\u015flar bor\u00e7lanarak emekli olmak istediklerinde, yasaya g\u00f6re dilek\u00e7e verdikleri tarihte T\u00fcrk vatanda\u015f\u0131 olmad\u0131klar\u0131 gerek\u00e7esiyle talepleri reddediliyor.Yarg\u0131tay 21. Hukuk Dairesi 19 Eyl\u00fcl 2013 tarihli karar\u0131nda, \u00e7iftte vatanda\u015flar\u0131n ba\u015fvuru yapt\u0131klar\u0131 tarihte T\u00fcrk vatanda\u015f\u0131 olup olmad\u0131klar\u0131n\u0131n aranamayaca\u011f\u0131n\u0131, T\u00fcrk vatanda\u015fl\u0131\u011f\u0131nda ge\u00e7en s\u00fcreleri i\u00e7in bor\u00e7lanma yaparak T\u00fcrkiye\u2019den emekli olabileceklerine h\u00fckmetti. Bu karar&hellip;<\/p>\n<p class=\"more-link\"><a href=\"https:\/\/talhabarut.com\/index.php\/mavi-kart-ile-emeklilik\/\" class=\"themebutton2\">Read More<\/a><\/p>\n","protected":false},"author":1,"featured_media":0,"parent":0,"menu_order":0,"comment_status":"closed","ping_status":"closed","template":"","meta":{"_exactmetrics_skip_tracking":false,"_exactmetrics_sitenote_active":false,"_exactmetrics_sitenote_note":"","_exactmetrics_sitenote_category":0,"footnotes":""},"class_list":["post-33","page","type-page","status-publish","hentry"],"yoast_head":"<!-- This site is optimized with the Yoast SEO plugin v24.9 - https:\/\/yoast.com\/wordpress\/plugins\/seo\/ -->\n<title>Mavi Kart \u0130le Emeklilik - Talha Barut<\/title>\n<meta name=\"robots\" content=\"index, follow, max-snippet:-1, max-image-preview:large, max-video-preview:-1\" \/>\n<link rel=\"canonical\" href=\"https:\/\/talhabarut.com\/index.php\/mavi-kart-ile-emeklilik\/\" \/>\n<meta property=\"og:locale\" content=\"tr_TR\" \/>\n<meta property=\"og:type\" content=\"article\" \/>\n<meta property=\"og:title\" content=\"Mavi Kart \u0130le Emeklilik - Talha Barut\" \/>\n<meta property=\"og:description\" content=\"T\u00fcrkiye\u2019deki i\u015flemlerini devletin verdi\u011fi mavi kartla y\u00fcr\u00fcten \u00e7ifte vatanda\u015flar bor\u00e7lanarak emekli olmak istediklerinde, yasaya g\u00f6re dilek\u00e7e verdikleri tarihte T\u00fcrk vatanda\u015f\u0131 olmad\u0131klar\u0131 gerek\u00e7esiyle talepleri reddediliyor.Yarg\u0131tay 21. Hukuk Dairesi 19 Eyl\u00fcl 2013 tarihli karar\u0131nda, \u00e7iftte vatanda\u015flar\u0131n ba\u015fvuru yapt\u0131klar\u0131 tarihte T\u00fcrk vatanda\u015f\u0131 olup olmad\u0131klar\u0131n\u0131n aranamayaca\u011f\u0131n\u0131, T\u00fcrk vatanda\u015fl\u0131\u011f\u0131nda ge\u00e7en s\u00fcreleri i\u00e7in bor\u00e7lanma yaparak T\u00fcrkiye\u2019den emekli olabileceklerine h\u00fckmetti. Bu karar&hellip;Read More\" \/>\n<meta property=\"og:url\" content=\"https:\/\/talhabarut.com\/index.php\/mavi-kart-ile-emeklilik\/\" \/>\n<meta property=\"og:site_name\" content=\"Talha Barut\" \/>\n<meta property=\"article:modified_time\" content=\"2019-09-13T21:05:39+00:00\" \/>\n<meta property=\"og:image\" content=\"http:\/\/talhabarut.com\/wp-content\/uploads\/2019\/08\/sayfa_mavikart.jpg\" \/>\n<meta name=\"twitter:card\" content=\"summary_large_image\" \/>\n<meta name=\"twitter:label1\" content=\"Tahmini okuma s\u00fcresi\" \/>\n\t<meta name=\"twitter:data1\" content=\"1 dakika\" \/>\n<script type=\"application\/ld+json\" class=\"yoast-schema-graph\">{\"@context\":\"https:\/\/schema.org\",\"@graph\":[{\"@type\":\"WebPage\",\"@id\":\"https:\/\/talhabarut.com\/index.php\/mavi-kart-ile-emeklilik\/\",\"url\":\"https:\/\/talhabarut.com\/index.php\/mavi-kart-ile-emeklilik\/\",\"name\":\"Mavi Kart \u0130le Emeklilik - Talha Barut\",\"isPartOf\":{\"@id\":\"https:\/\/talhabarut.com\/#website\"},\"primaryImageOfPage\":{\"@id\":\"https:\/\/talhabarut.com\/index.php\/mavi-kart-ile-emeklilik\/#primaryimage\"},\"image\":{\"@id\":\"https:\/\/talhabarut.com\/index.php\/mavi-kart-ile-emeklilik\/#primaryimage\"},\"thumbnailUrl\":\"http:\/\/talhabarut.com\/wp-content\/uploads\/2019\/08\/sayfa_mavikart.jpg\",\"datePublished\":\"2019-08-20T22:08:19+00:00\",\"dateModified\":\"2019-09-13T21:05:39+00:00\",\"breadcrumb\":{\"@id\":\"https:\/\/talhabarut.com\/index.php\/mavi-kart-ile-emeklilik\/#breadcrumb\"},\"inLanguage\":\"tr\",\"potentialAction\":[{\"@type\":\"ReadAction\",\"target\":[\"https:\/\/talhabarut.com\/index.php\/mavi-kart-ile-emeklilik\/\"]}]},{\"@type\":\"ImageObject\",\"inLanguage\":\"tr\",\"@id\":\"https:\/\/talhabarut.com\/index.php\/mavi-kart-ile-emeklilik\/#primaryimage\",\"url\":\"http:\/\/talhabarut.com\/wp-content\/uploads\/2019\/08\/sayfa_mavikart.jpg\",\"contentUrl\":\"http:\/\/talhabarut.com\/wp-content\/uploads\/2019\/08\/sayfa_mavikart.jpg\"},{\"@type\":\"BreadcrumbList\",\"@id\":\"https:\/\/talhabarut.com\/index.php\/mavi-kart-ile-emeklilik\/#breadcrumb\",\"itemListElement\":[{\"@type\":\"ListItem\",\"position\":1,\"name\":\"Ana sayfa\",\"item\":\"https:\/\/talhabarut.com\/\"},{\"@type\":\"ListItem\",\"position\":2,\"name\":\"Mavi Kart \u0130le Emeklilik\"}]},{\"@type\":\"WebSite\",\"@id\":\"https:\/\/talhabarut.com\/#website\",\"url\":\"https:\/\/talhabarut.com\/\",\"name\":\"Talha Barut\",\"description\":\"Anwalt \/ Avukat\",\"publisher\":{\"@id\":\"https:\/\/talhabarut.com\/#\/schema\/person\/043e4e4bf7a1cdc3c4892973f3237780\"},\"potentialAction\":[{\"@type\":\"SearchAction\",\"target\":{\"@type\":\"EntryPoint\",\"urlTemplate\":\"https:\/\/talhabarut.com\/?s={search_term_string}\"},\"query-input\":{\"@type\":\"PropertyValueSpecification\",\"valueRequired\":true,\"valueName\":\"search_term_string\"}}],\"inLanguage\":\"tr\"},{\"@type\":[\"Person\",\"Organization\"],\"@id\":\"https:\/\/talhabarut.com\/#\/schema\/person\/043e4e4bf7a1cdc3c4892973f3237780\",\"name\":\"Av. Talha Barut\",\"image\":{\"@type\":\"ImageObject\",\"inLanguage\":\"tr\",\"@id\":\"https:\/\/talhabarut.com\/#\/schema\/person\/image\/\",\"url\":\"https:\/\/talhabarut.com\/wp-content\/uploads\/2019\/08\/logo_200x90.jpg\",\"contentUrl\":\"https:\/\/talhabarut.com\/wp-content\/uploads\/2019\/08\/logo_200x90.jpg\",\"width\":200,\"height\":90,\"caption\":\"Av. Talha Barut\"},\"logo\":{\"@id\":\"https:\/\/talhabarut.com\/#\/schema\/person\/image\/\"},\"description\":\"Avukat Talha Barut Almanya\",\"sameAs\":[\"http:\/\/www.talhabarut.com\"]}]}<\/script>\n<!-- \/ Yoast SEO plugin. -->","yoast_head_json":{"title":"Mavi Kart \u0130le Emeklilik - Talha Barut","robots":{"index":"index","follow":"follow","max-snippet":"max-snippet:-1","max-image-preview":"max-image-preview:large","max-video-preview":"max-video-preview:-1"},"canonical":"https:\/\/talhabarut.com\/index.php\/mavi-kart-ile-emeklilik\/","og_locale":"tr_TR","og_type":"article","og_title":"Mavi Kart \u0130le Emeklilik - Talha Barut","og_description":"T\u00fcrkiye\u2019deki i\u015flemlerini devletin verdi\u011fi mavi kartla y\u00fcr\u00fcten \u00e7ifte vatanda\u015flar bor\u00e7lanarak emekli olmak istediklerinde, yasaya g\u00f6re dilek\u00e7e verdikleri tarihte T\u00fcrk vatanda\u015f\u0131 olmad\u0131klar\u0131 gerek\u00e7esiyle talepleri reddediliyor.Yarg\u0131tay 21. Hukuk Dairesi 19 Eyl\u00fcl 2013 tarihli karar\u0131nda, \u00e7iftte vatanda\u015flar\u0131n ba\u015fvuru yapt\u0131klar\u0131 tarihte T\u00fcrk vatanda\u015f\u0131 olup olmad\u0131klar\u0131n\u0131n aranamayaca\u011f\u0131n\u0131, T\u00fcrk vatanda\u015fl\u0131\u011f\u0131nda ge\u00e7en s\u00fcreleri i\u00e7in bor\u00e7lanma yaparak T\u00fcrkiye\u2019den emekli olabileceklerine h\u00fckmetti. Bu karar&hellip;Read More","og_url":"https:\/\/talhabarut.com\/index.php\/mavi-kart-ile-emeklilik\/","og_site_name":"Talha Barut","article_modified_time":"2019-09-13T21:05:39+00:00","og_image":[{"url":"http:\/\/talhabarut.com\/wp-content\/uploads\/2019\/08\/sayfa_mavikart.jpg","type":"","width":"","height":""}],"twitter_card":"summary_large_image","twitter_misc":{"Tahmini okuma s\u00fcresi":"1 dakika"},"schema":{"@context":"https:\/\/schema.org","@graph":[{"@type":"WebPage","@id":"https:\/\/talhabarut.com\/index.php\/mavi-kart-ile-emeklilik\/","url":"https:\/\/talhabarut.com\/index.php\/mavi-kart-ile-emeklilik\/","name":"Mavi Kart \u0130le Emeklilik - Talha Barut","isPartOf":{"@id":"https:\/\/talhabarut.com\/#website"},"primaryImageOfPage":{"@id":"https:\/\/talhabarut.com\/index.php\/mavi-kart-ile-emeklilik\/#primaryimage"},"image":{"@id":"https:\/\/talhabarut.com\/index.php\/mavi-kart-ile-emeklilik\/#primaryimage"},"thumbnailUrl":"http:\/\/talhabarut.com\/wp-content\/uploads\/2019\/08\/sayfa_mavikart.jpg","datePublished":"2019-08-20T22:08:19+00:00","dateModified":"2019-09-13T21:05:39+00:00","breadcrumb":{"@id":"https:\/\/talhabarut.com\/index.php\/mavi-kart-ile-emeklilik\/#breadcrumb"},"inLanguage":"tr","potentialAction":[{"@type":"ReadAction","target":["https:\/\/talhabarut.com\/index.php\/mavi-kart-ile-emeklilik\/"]}]},{"@type":"ImageObject","inLanguage":"tr","@id":"https:\/\/talhabarut.com\/index.php\/mavi-kart-ile-emeklilik\/#primaryimage","url":"http:\/\/talhabarut.com\/wp-content\/uploads\/2019\/08\/sayfa_mavikart.jpg","contentUrl":"http:\/\/talhabarut.com\/wp-content\/uploads\/2019\/08\/sayfa_mavikart.jpg"},{"@type":"BreadcrumbList","@id":"https:\/\/talhabarut.com\/index.php\/mavi-kart-ile-emeklilik\/#breadcrumb","itemListElement":[{"@type":"ListItem","position":1,"name":"Ana sayfa","item":"https:\/\/talhabarut.com\/"},{"@type":"ListItem","position":2,"name":"Mavi Kart \u0130le Emeklilik"}]},{"@type":"WebSite","@id":"https:\/\/talhabarut.com\/#website","url":"https:\/\/talhabarut.com\/","name":"Talha Barut","description":"Anwalt \/ Avukat","publisher":{"@id":"https:\/\/talhabarut.com\/#\/schema\/person\/043e4e4bf7a1cdc3c4892973f3237780"},"potentialAction":[{"@type":"SearchAction","target":{"@type":"EntryPoint","urlTemplate":"https:\/\/talhabarut.com\/?s={search_term_string}"},"query-input":{"@type":"PropertyValueSpecification","valueRequired":true,"valueName":"search_term_string"}}],"inLanguage":"tr"},{"@type":["Person","Organization"],"@id":"https:\/\/talhabarut.com\/#\/schema\/person\/043e4e4bf7a1cdc3c4892973f3237780","name":"Av. Talha Barut","image":{"@type":"ImageObject","inLanguage":"tr","@id":"https:\/\/talhabarut.com\/#\/schema\/person\/image\/","url":"https:\/\/talhabarut.com\/wp-content\/uploads\/2019\/08\/logo_200x90.jpg","contentUrl":"https:\/\/talhabarut.com\/wp-content\/uploads\/2019\/08\/logo_200x90.jpg","width":200,"height":90,"caption":"Av. Talha Barut"},"logo":{"@id":"https:\/\/talhabarut.com\/#\/schema\/person\/image\/"},"description":"Avukat Talha Barut Almanya","sameAs":["http:\/\/www.talhabarut.com"]}]}},"_links":{"self":[{"href":"https:\/\/talhabarut.com\/index.php\/wp-json\/wp\/v2\/pages\/33","targetHints":{"allow":["GET"]}}],"collection":[{"href":"https:\/\/talhabarut.com\/index.php\/wp-json\/wp\/v2\/pages"}],"about":[{"href":"https:\/\/talhabarut.com\/index.php\/wp-json\/wp\/v2\/types\/page"}],"author":[{"embeddable":true,"href":"https:\/\/talhabarut.com\/index.php\/wp-json\/wp\/v2\/users\/1"}],"replies":[{"embeddable":true,"href":"https:\/\/talhabarut.com\/index.php\/wp-json\/wp\/v2\/comments?post=33"}],"version-history":[{"count":8,"href":"https:\/\/talhabarut.com\/index.php\/wp-json\/wp\/v2\/pages\/33\/revisions"}],"predecessor-version":[{"id":691,"href":"https:\/\/talhabarut.com\/index.php\/wp-json\/wp\/v2\/pages\/33\/revisions\/691"}],"wp:attachment":[{"href":"https:\/\/talhabarut.com\/index.php\/wp-json\/wp\/v2\/media?parent=33"}],"curies":[{"name":"wp","href":"https:\/\/api.w.org\/{rel}","templated":true}]}}