{"id":310,"date":"2019-08-27T00:33:53","date_gmt":"2019-08-26T21:33:53","guid":{"rendered":"http:\/\/talhabarut.com\/?page_id=310"},"modified":"2022-09-30T16:25:28","modified_gmt":"2022-09-30T13:25:28","slug":"faaliyet-alanlarimiz","status":"publish","type":"page","link":"https:\/\/talhabarut.com\/index.php\/faaliyet-alanlarimiz\/","title":{"rendered":"Faaliyet Alanlar\u0131m\u0131z"},"content":{"rendered":"\n<div class=\"wp-block-image\"><figure class=\"aligncenter\"><img loading=\"lazy\" decoding=\"async\" width=\"1000\" height=\"350\" src=\"https:\/\/talhabarut.com\/wp-content\/uploads\/2019\/08\/sayfa_faaliyetalanlarimiz.jpg\" alt=\"\" class=\"wp-image-449\" srcset=\"https:\/\/talhabarut.com\/wp-content\/uploads\/2019\/08\/sayfa_faaliyetalanlarimiz.jpg 1000w, https:\/\/talhabarut.com\/wp-content\/uploads\/2019\/08\/sayfa_faaliyetalanlarimiz-300x105.jpg 300w, https:\/\/talhabarut.com\/wp-content\/uploads\/2019\/08\/sayfa_faaliyetalanlarimiz-768x269.jpg 768w\" sizes=\"auto, (max-width: 1000px) 100vw, 1000px\" \/><figcaption>Avukat Talha Barut<\/figcaption><\/figure><\/div>\n\n\n<div id=\"pl-gb310-69e1e02b7f2bc\"  class=\"panel-layout\" ><div id=\"pg-gb310-69e1e02b7f2bc-0\"  class=\"panel-grid panel-no-style\" ><div id=\"pgc-gb310-69e1e02b7f2bc-0-0\"  class=\"panel-grid-cell\" ><div id=\"panel-gb310-69e1e02b7f2bc-0-0-0\" class=\"so-panel widget widget_sow-social-media-buttons panel-first-child panel-last-child\" data-index=\"0\" ><div\n\t\t\t\n\t\t\tclass=\"so-widget-sow-social-media-buttons so-widget-sow-social-media-buttons-atom-71b0db8af3ff-310\"\n\t\t\t\n\t\t>\n<h3 class=\"widget-title\">Sosyal Medya Hesaplar\u0131m\u0131z<\/h3>\n<div class=\"social-media-button-container\">\n\t\n\t\t<a \n\t\tclass=\"ow-button-hover sow-social-media-button-facebook-0 sow-social-media-button\" title=\"Facebook\" aria-label=\"Facebook\" target=\"_blank\" rel=\"noopener noreferrer\" href=\"https:\/\/www.facebook.com\/talha.barut.1\" \t\t>\n\t\t\t<span>\n\t\t\t\t\t\t\t\t<span class=\"sow-icon-fontawesome sow-fab\" data-sow-icon=\"&#xf39e;\"\n\t\t \n\t\taria-hidden=\"true\"><\/span>\t\t\t\t\t\t\t<\/span>\n\t\t<\/a>\n\t\n\t\t<a \n\t\tclass=\"ow-button-hover sow-social-media-button-x-twitter-0 sow-social-media-button\" title=\"Twitter\" aria-label=\"Twitter\" target=\"_blank\" rel=\"noopener noreferrer\" href=\"https:\/\/twitter.com\/Avukatbarut\/\" \t\t>\n\t\t\t<span>\n\t\t\t\t\t\t\t\t<span class=\"sow-icon-fontawesome sow-fab\" data-sow-icon=\"&#xe61b;\"\n\t\t \n\t\taria-hidden=\"true\"><\/span>\t\t\t\t\t\t\t<\/span>\n\t\t<\/a>\n\t\n\t\t<a \n\t\tclass=\"ow-button-hover sow-social-media-button-youtube-0 sow-social-media-button\" title=\"Youtube\" aria-label=\"Youtube\" target=\"_blank\" rel=\"noopener noreferrer\" href=\"https:\/\/www.youtube.com\/channel\/UCVcgSdThK-EFQQcnOuM9o5g\/videos\" \t\t>\n\t\t\t<span>\n\t\t\t\t\t\t\t\t<span class=\"sow-icon-fontawesome sow-fab\" data-sow-icon=\"&#xf167;\"\n\t\t \n\t\taria-hidden=\"true\"><\/span>\t\t\t\t\t\t\t<\/span>\n\t\t<\/a>\n\t\n\t\t<a \n\t\tclass=\"ow-button-hover sow-social-media-button-envelope-0 sow-social-media-button\" title=\"Email\" aria-label=\"Email\" target=\"_blank\" rel=\"noopener noreferrer\" href=\"mailto:%20av.talhabarut@googlemail.com\" \t\t>\n\t\t\t<span>\n\t\t\t\t\t\t\t\t<span class=\"sow-icon-fontawesome sow-fas\" data-sow-icon=\"&#xf0e0;\"\n\t\t \n\t\taria-hidden=\"true\"><\/span>\t\t\t\t\t\t\t<\/span>\n\t\t<\/a>\n\t<\/div>\n<\/div><\/div><\/div><\/div><\/div>\n\n<div id=\"pl-gb310-69e1e02b8513e\"  class=\"panel-layout\" ><div id=\"pg-gb310-69e1e02b8513e-0\"  class=\"panel-grid panel-has-style\" ><div class=\"siteorigin-panels-stretch panel-row-style panel-row-style-for-gb310-69e1e02b8513e-0\" data-stretch-type=\"full\" ><div id=\"pgc-gb310-69e1e02b8513e-0-0\"  class=\"panel-grid-cell\" ><div id=\"panel-gb310-69e1e02b8513e-0-0-0\" class=\"so-panel widget widget_sow-editor panel-first-child panel-last-child\" data-index=\"0\" ><div\n\t\t\t\n\t\t\tclass=\"so-widget-sow-editor so-widget-sow-editor-base\"\n\t\t\t\n\t\t>\n<div class=\"siteorigin-widget-tinymce textwidget\">\n\t<p><strong>Talha Barut Hukuk B\u00fcrosu<\/strong>, m\u00fcvekillerine hukuki yard\u0131m ve dan\u0131\u015fma hizmeti sunman\u0131n yan\u0131 s\u0131ra, g\u00fcncel yaz\u0131lar ve yarg\u0131tay kararlar\u0131 yay\u0131mlayarak uygulamaya katk\u0131 sunmay\u0131 da g\u00f6rev bilmektedir.<br \/>\nGerek internet sosyal medya \u00fczerinden yapt\u0131\u011f\u0131 video yay\u0131nlar\u0131, makaleler ve yaz\u0131lar\u0131 ile gerekse g\u00fcncel mevzuat konular\u0131 \u00fczerinde Almanya ve T\u00fcrkiye&#8217;de yapt\u0131\u011f\u0131 sunum ve etkinlikler ile toplumsal alanda hukuki bilgi ak\u0131\u015f\u0131na fayda sa\u011flamak ve vatanda\u015flar\u0131n bilgi edinmesini bir g\u00f6rev olarak bilerek \u00e7al\u0131\u015fma hayat\u0131na devam etmektedir.<\/p>\n<p><strong>Avukat Talha Barut<\/strong>, \u00a0Hamburg Barosu, Antalya Barosu ve T\u00fcrkiye Barolar Birli\u011fi\u2019ne kay\u0131tl\u0131 olarak, e\u015fi Yasemin Barut ile birlikte yeni b\u00fcrosunda terc\u00fcme ve dan\u0131\u015fmanl\u0131k hizmetleri vermenin yan\u0131 s\u0131ra, T\u00fcrkiye\u2019den Noterlik Belgesi\u2019ne sahip ve ara buluculuk hizmeti de vermektedir.<\/p>\n<\/div>\n<\/div><\/div><\/div><\/div><\/div><\/div>\n\n<div\n\t\t\t\n\t\t\tclass=\"so-widget-sow-tabs so-widget-sow-tabs-default-68f07347222f\"\n\t\t\t\n\t\t><h3 class=\"widget-title\">\u00c7al\u0131\u015fma Alanlar\u0131m\u0131z :<\/h3><div class=\"sow-tabs\">\n\t<div class=\"sow-tabs-tab-container\" role=\"tablist\">\n\t\t\t<div\n\t\t\tclass=\"sow-tabs-tab\n\t\t\t sow-tabs-tab-selected\t\t\t\"\n\t\t\trole=\"tab\"\n\t\t\tdata-anchor-id=\"emeklilik-hukuku\"\n\t\t\taria-selected=\"true\"\n\t\t\ttabindex=\"0\"\n\t\t>\n\t\t\t<div class=\"sow-tabs-title sow-tabs-title-icon-left\">\n\t\t\t\t\t\t\t\tEmeklilik Hukuku\t\t\t\t\t\t\t<\/div>\n\t\t<\/div>\n\t\t\t<div\n\t\t\tclass=\"sow-tabs-tab\n\t\t\t\t\t\t\"\n\t\t\trole=\"tab\"\n\t\t\tdata-anchor-id=\"miras-hukuku\"\n\t\t\taria-selected=\"false\"\n\t\t\ttabindex=\"0\"\n\t\t>\n\t\t\t<div class=\"sow-tabs-title sow-tabs-title-icon-left\">\n\t\t\t\t\t\t\t\tMiras Hukuku\t\t\t\t\t\t\t<\/div>\n\t\t<\/div>\n\t\t\t<div\n\t\t\tclass=\"sow-tabs-tab\n\t\t\t\t\t\t\"\n\t\t\trole=\"tab\"\n\t\t\tdata-anchor-id=\"bosanma-hukuku\"\n\t\t\taria-selected=\"false\"\n\t\t\ttabindex=\"0\"\n\t\t>\n\t\t\t<div class=\"sow-tabs-title sow-tabs-title-icon-left\">\n\t\t\t\t\t\t\t\tBo\u015fanma Hukuku\t\t\t\t\t\t\t<\/div>\n\t\t<\/div>\n\t\t\t<div\n\t\t\tclass=\"sow-tabs-tab\n\t\t\t\t\t\t\"\n\t\t\trole=\"tab\"\n\t\t\tdata-anchor-id=\"ticaret-hukuku\"\n\t\t\taria-selected=\"false\"\n\t\t\ttabindex=\"0\"\n\t\t>\n\t\t\t<div class=\"sow-tabs-title sow-tabs-title-icon-left\">\n\t\t\t\t\t\t\t\tTicaret Hukuku\t\t\t\t\t\t\t<\/div>\n\t\t<\/div>\n\t\t\t<div\n\t\t\tclass=\"sow-tabs-tab\n\t\t\t\t\t\t\"\n\t\t\trole=\"tab\"\n\t\t\tdata-anchor-id=\"ceza-hukuku\"\n\t\t\taria-selected=\"false\"\n\t\t\ttabindex=\"0\"\n\t\t>\n\t\t\t<div class=\"sow-tabs-title sow-tabs-title-icon-left\">\n\t\t\t\t\t\t\t\tCeza Hukuku\t\t\t\t\t\t\t<\/div>\n\t\t<\/div>\n\t\t\t<div\n\t\t\tclass=\"sow-tabs-tab\n\t\t\t\t\t\t\"\n\t\t\trole=\"tab\"\n\t\t\tdata-anchor-id=\"gayrimenkul-hukuku\"\n\t\t\taria-selected=\"false\"\n\t\t\ttabindex=\"0\"\n\t\t>\n\t\t\t<div class=\"sow-tabs-title sow-tabs-title-icon-left\">\n\t\t\t\t\t\t\t\tGayrimenkul Hukuku\t\t\t\t\t\t\t<\/div>\n\t\t<\/div>\n\t\t<\/div>\n\n\t<div class=\"sow-tabs-panel-container\">\n\t\t\t<div class=\"sow-tabs-panel\">\n\t\t\t<div\n\t\t\t\tclass=\"sow-tabs-panel-content\"\n\t\t\t\trole=\"tabpanel\"\n\t\t\t\taria-hidden=\"false\"\n\t\t\t>\n\t\t\t\t<ul>\n<li>\u0130\u015f Kazas\u0131 ve Meslek Hastal\u0131\u011f\u0131 \u0130\u015flemleri<\/li>\n<li>Malul Say\u0131lma \u0130\u015flemleri<\/li>\n<li>Ya\u015fl\u0131l\u0131k Ayl\u0131\u011f\u0131 \u0130\u015flemleri<\/li>\n<li>\u00d6l\u00fcm Ayl\u0131\u011f\u0131 \u0130\u015flemleri<\/li>\n<li>Sosyal G\u00fcvenlik Destek Primi \u0130\u015flemleri<\/li>\n<li>Yurtd\u0131\u015f\u0131 Sigortal\u0131l\u0131k \u0130\u015flemleri<\/li>\n<li>Yurti\u00e7i Bor\u00e7lanma ve Hizmet Birle\u015ftirme \u0130\u015flemleri<\/li>\n<li>Yurti\u00e7i Hizmet Birle\u015ftirmeleri<\/li>\n<\/ul>\n\t\t\t<\/div>\n\t\t<\/div>\n\t\t\t<div class=\"sow-tabs-panel\">\n\t\t\t<div\n\t\t\t\tclass=\"sow-tabs-panel-content\"\n\t\t\t\trole=\"tabpanel\"\n\t\t\t\taria-hidden=\"true\"\n\t\t\t>\n\t\t\t\t<div id=\"content-2\" class=\"accordion-content\" aria-hidden=\"false\">\n<ul>\n<li class=\"bullet-arrow\">Miras\u00e7\u0131l\u0131k(Veraset) \u0130\u015flemleri<\/li>\n<li class=\"bullet-arrow\">Tereke tespiti ve buna ili\u015fkin davalar<\/li>\n<li>Mirasta ortakl\u0131\u011f\u0131n giderilmesi<\/li>\n<li>Miras hakk\u0131n\u0131n kulland\u0131r\u0131lmamas\u0131ndan kaynaklanan alacak i\u015flemleri<\/li>\n<li>Tenkis davalar\u0131 i\u015flemleri<\/li>\n<li>Tapu iptal ve tescil i\u015flemleri<\/li>\n<li>Miras hakk\u0131n\u0131n kulland\u0131r\u0131lmamas\u0131ndan kaynakl\u0131 alacak i\u015flemleri<\/li>\n<\/ul>\n<\/div>\n\t\t\t<\/div>\n\t\t<\/div>\n\t\t\t<div class=\"sow-tabs-panel\">\n\t\t\t<div\n\t\t\t\tclass=\"sow-tabs-panel-content\"\n\t\t\t\trole=\"tabpanel\"\n\t\t\t\taria-hidden=\"true\"\n\t\t\t>\n\t\t\t\t<ul>\n<li class=\"bullet-arrow\">Bo\u015fanma i\u015flemleri<\/li>\n<li class=\"bullet-arrow\">Yabanc\u0131 mahkeme bo\u015fanma kararlar\u0131n\u0131n tan\u0131mas\u0131 ve tenfizi davas\u0131 i\u015flemleri<\/li>\n<li>Nafaka, maddi ve manevi tazminat davalar\u0131 i\u015flemleri<\/li>\n<li class=\"bullet-arrow\">Babal\u0131k ve babal\u0131\u011f\u0131n reddi davalar\u0131 i\u015flemleri<\/li>\n<li>Bo\u015fanmada n\u00fcfus kay\u0131tlar\u0131nda d\u00fczeltilmesi i\u015flemleri<\/li>\n<li>Bo\u015fanma sonucu mal payla\u015f\u0131m\u0131 i\u015flemleri<\/li>\n<\/ul>\n\t\t\t<\/div>\n\t\t<\/div>\n\t\t\t<div class=\"sow-tabs-panel\">\n\t\t\t<div\n\t\t\t\tclass=\"sow-tabs-panel-content\"\n\t\t\t\trole=\"tabpanel\"\n\t\t\t\taria-hidden=\"true\"\n\t\t\t>\n\t\t\t\t<ul>\n<li>\u015eirket\/Kurulu\u015flara Hukuki dan\u0131\u015fmanl\u0131k hizmetleri<\/li>\n<li>Ticaret ve rekabet hukuku i\u015flemleri<\/li>\n<li>G\u00fcmr\u00fck uyu\u015fmazl\u0131klar\u0131 konusunda dan\u0131\u015fmanl\u0131k hizmetleri<\/li>\n<li>Yabanc\u0131 sermaye transferi i\u015flemleri<\/li>\n<li>Franchise s\u00f6zle\u015fmeleri, distrib\u00fct\u00f6rl\u00fck s\u00f6zle\u015fmeleri i\u015flemleri<\/li>\n<li>Taraflar aras\u0131 ticari uyu\u015fmazl\u0131klar\u0131n dava \u00f6ncesi \u00e7\u00f6z\u00fcm\u00fc i\u015flemleri<\/li>\n<\/ul>\n\t\t\t<\/div>\n\t\t<\/div>\n\t\t\t<div class=\"sow-tabs-panel\">\n\t\t\t<div\n\t\t\t\tclass=\"sow-tabs-panel-content\"\n\t\t\t\trole=\"tabpanel\"\n\t\t\t\taria-hidden=\"true\"\n\t\t\t>\n\t\t\t\t<ul class=\"modal-list\">\n<li>A\u011f\u0131r ceza mahkemesinin g\u00f6revli oldu\u011fu ceza davas\u0131 i\u015flemleri<\/li>\n<li>Yakalama, el koyma, arama ve g\u00f6zalt\u0131 gibi koruma tedbirlerine itiraz i\u015flemleri<\/li>\n<li>Tutuklamaya itiraz ba\u015fvurusu i\u015flemleri<\/li>\n<li>Soru\u015fturma ve kovu\u015fturma a\u015famalar\u0131nda \u015f\u00fcpheli veya san\u0131k m\u00fcdafiili\u011fi i\u015flemleri<\/li>\n<li>Ceza davas\u0131n\u0131n t\u00fcm a\u015famalar\u0131nda tahliye taleplerinin mahkemeye sunulmas\u0131 i\u015flemleri<\/li>\n<li>Ceza davas\u0131nda ma\u011fdur veya m\u00fc\u015fteki vekilli\u011fi i\u015flemleri<\/li>\n<li>\u0130stinaf, temyiz ve karar\u0131n d\u00fczeltilmesi ba\u015fvuru i\u015flemleri<\/li>\n<\/ul>\n\t\t\t<\/div>\n\t\t<\/div>\n\t\t\t<div class=\"sow-tabs-panel\">\n\t\t\t<div\n\t\t\t\tclass=\"sow-tabs-panel-content\"\n\t\t\t\trole=\"tabpanel\"\n\t\t\t\taria-hidden=\"true\"\n\t\t\t>\n\t\t\t\t<ul>\n<li>Ortakl\u0131\u011f\u0131n Giderilmesi Davas\u0131 (\u0130zale-i \u015euyu) \u0130\u015flemleri<\/li>\n<li>Tapu \u0130ptali ve Tescil Davalar\u0131 \u0130\u015flemleri<\/li>\n<li>Kat Kar\u015f\u0131l\u0131\u011f\u0131 \u0130n\u015faat S\u00f6zle\u015fmelerinden Kaynaklanan Dava \u0130\u015flemleri<\/li>\n<li>Kamula\u015ft\u0131rma Davas\u0131 \u0130\u015flemleri<\/li>\n<li>Ecrimisil Davas\u0131 \u0130\u015flemleri<\/li>\n<li>M\u00fcdahalenin Men\u2019i Davas\u0131 \u0130\u015flemleri<\/li>\n<\/ul>\n\t\t\t<\/div>\n\t\t<\/div>\n\t\t<\/div>\n<\/div>\n<\/div>","protected":false},"excerpt":{"rendered":"","protected":false},"author":1,"featured_media":0,"parent":0,"menu_order":0,"comment_status":"closed","ping_status":"closed","template":"","meta":{"_exactmetrics_skip_tracking":false,"_exactmetrics_sitenote_active":false,"_exactmetrics_sitenote_note":"","_exactmetrics_sitenote_category":0,"footnotes":""},"class_list":["post-310","page","type-page","status-publish","hentry"],"yoast_head":"<!-- This site is optimized with the Yoast SEO plugin v24.9 - https:\/\/yoast.com\/wordpress\/plugins\/seo\/ -->\n<title>Faaliyet Alanlar\u0131m\u0131z - Talha Barut<\/title>\n<meta name=\"robots\" content=\"index, follow, max-snippet:-1, max-image-preview:large, max-video-preview:-1\" \/>\n<link rel=\"canonical\" href=\"https:\/\/talhabarut.com\/index.php\/faaliyet-alanlarimiz\/\" \/>\n<meta property=\"og:locale\" content=\"tr_TR\" \/>\n<meta property=\"og:type\" content=\"article\" \/>\n<meta property=\"og:title\" content=\"Faaliyet Alanlar\u0131m\u0131z - Talha Barut\" \/>\n<meta property=\"og:url\" content=\"https:\/\/talhabarut.com\/index.php\/faaliyet-alanlarimiz\/\" \/>\n<meta property=\"og:site_name\" content=\"Talha Barut\" \/>\n<meta property=\"article:modified_time\" content=\"2022-09-30T13:25:28+00:00\" \/>\n<meta property=\"og:image\" content=\"http:\/\/talhabarut.com\/wp-content\/uploads\/2019\/08\/sayfa_faaliyetalanlarimiz.jpg\" \/>\n<meta name=\"twitter:card\" content=\"summary_large_image\" \/>\n<script type=\"application\/ld+json\" class=\"yoast-schema-graph\">{\"@context\":\"https:\/\/schema.org\",\"@graph\":[{\"@type\":\"WebPage\",\"@id\":\"https:\/\/talhabarut.com\/index.php\/faaliyet-alanlarimiz\/\",\"url\":\"https:\/\/talhabarut.com\/index.php\/faaliyet-alanlarimiz\/\",\"name\":\"Faaliyet Alanlar\u0131m\u0131z - Talha Barut\",\"isPartOf\":{\"@id\":\"https:\/\/talhabarut.com\/#website\"},\"primaryImageOfPage\":{\"@id\":\"https:\/\/talhabarut.com\/index.php\/faaliyet-alanlarimiz\/#primaryimage\"},\"image\":{\"@id\":\"https:\/\/talhabarut.com\/index.php\/faaliyet-alanlarimiz\/#primaryimage\"},\"thumbnailUrl\":\"http:\/\/talhabarut.com\/wp-content\/uploads\/2019\/08\/sayfa_faaliyetalanlarimiz.jpg\",\"datePublished\":\"2019-08-26T21:33:53+00:00\",\"dateModified\":\"2022-09-30T13:25:28+00:00\",\"breadcrumb\":{\"@id\":\"https:\/\/talhabarut.com\/index.php\/faaliyet-alanlarimiz\/#breadcrumb\"},\"inLanguage\":\"tr\",\"potentialAction\":[{\"@type\":\"ReadAction\",\"target\":[\"https:\/\/talhabarut.com\/index.php\/faaliyet-alanlarimiz\/\"]}]},{\"@type\":\"ImageObject\",\"inLanguage\":\"tr\",\"@id\":\"https:\/\/talhabarut.com\/index.php\/faaliyet-alanlarimiz\/#primaryimage\",\"url\":\"http:\/\/talhabarut.com\/wp-content\/uploads\/2019\/08\/sayfa_faaliyetalanlarimiz.jpg\",\"contentUrl\":\"http:\/\/talhabarut.com\/wp-content\/uploads\/2019\/08\/sayfa_faaliyetalanlarimiz.jpg\"},{\"@type\":\"BreadcrumbList\",\"@id\":\"https:\/\/talhabarut.com\/index.php\/faaliyet-alanlarimiz\/#breadcrumb\",\"itemListElement\":[{\"@type\":\"ListItem\",\"position\":1,\"name\":\"Ana sayfa\",\"item\":\"https:\/\/talhabarut.com\/\"},{\"@type\":\"ListItem\",\"position\":2,\"name\":\"Faaliyet Alanlar\u0131m\u0131z\"}]},{\"@type\":\"WebSite\",\"@id\":\"https:\/\/talhabarut.com\/#website\",\"url\":\"https:\/\/talhabarut.com\/\",\"name\":\"Talha Barut\",\"description\":\"Anwalt \/ Avukat\",\"publisher\":{\"@id\":\"https:\/\/talhabarut.com\/#\/schema\/person\/043e4e4bf7a1cdc3c4892973f3237780\"},\"potentialAction\":[{\"@type\":\"SearchAction\",\"target\":{\"@type\":\"EntryPoint\",\"urlTemplate\":\"https:\/\/talhabarut.com\/?s={search_term_string}\"},\"query-input\":{\"@type\":\"PropertyValueSpecification\",\"valueRequired\":true,\"valueName\":\"search_term_string\"}}],\"inLanguage\":\"tr\"},{\"@type\":[\"Person\",\"Organization\"],\"@id\":\"https:\/\/talhabarut.com\/#\/schema\/person\/043e4e4bf7a1cdc3c4892973f3237780\",\"name\":\"Av. Talha Barut\",\"image\":{\"@type\":\"ImageObject\",\"inLanguage\":\"tr\",\"@id\":\"https:\/\/talhabarut.com\/#\/schema\/person\/image\/\",\"url\":\"https:\/\/talhabarut.com\/wp-content\/uploads\/2019\/08\/logo_200x90.jpg\",\"contentUrl\":\"https:\/\/talhabarut.com\/wp-content\/uploads\/2019\/08\/logo_200x90.jpg\",\"width\":200,\"height\":90,\"caption\":\"Av. Talha Barut\"},\"logo\":{\"@id\":\"https:\/\/talhabarut.com\/#\/schema\/person\/image\/\"},\"description\":\"Avukat Talha Barut Almanya\",\"sameAs\":[\"http:\/\/www.talhabarut.com\"]}]}<\/script>\n<!-- \/ Yoast SEO plugin. -->","yoast_head_json":{"title":"Faaliyet Alanlar\u0131m\u0131z - Talha Barut","robots":{"index":"index","follow":"follow","max-snippet":"max-snippet:-1","max-image-preview":"max-image-preview:large","max-video-preview":"max-video-preview:-1"},"canonical":"https:\/\/talhabarut.com\/index.php\/faaliyet-alanlarimiz\/","og_locale":"tr_TR","og_type":"article","og_title":"Faaliyet Alanlar\u0131m\u0131z - Talha Barut","og_url":"https:\/\/talhabarut.com\/index.php\/faaliyet-alanlarimiz\/","og_site_name":"Talha Barut","article_modified_time":"2022-09-30T13:25:28+00:00","og_image":[{"url":"http:\/\/talhabarut.com\/wp-content\/uploads\/2019\/08\/sayfa_faaliyetalanlarimiz.jpg","type":"","width":"","height":""}],"twitter_card":"summary_large_image","schema":{"@context":"https:\/\/schema.org","@graph":[{"@type":"WebPage","@id":"https:\/\/talhabarut.com\/index.php\/faaliyet-alanlarimiz\/","url":"https:\/\/talhabarut.com\/index.php\/faaliyet-alanlarimiz\/","name":"Faaliyet Alanlar\u0131m\u0131z - Talha Barut","isPartOf":{"@id":"https:\/\/talhabarut.com\/#website"},"primaryImageOfPage":{"@id":"https:\/\/talhabarut.com\/index.php\/faaliyet-alanlarimiz\/#primaryimage"},"image":{"@id":"https:\/\/talhabarut.com\/index.php\/faaliyet-alanlarimiz\/#primaryimage"},"thumbnailUrl":"http:\/\/talhabarut.com\/wp-content\/uploads\/2019\/08\/sayfa_faaliyetalanlarimiz.jpg","datePublished":"2019-08-26T21:33:53+00:00","dateModified":"2022-09-30T13:25:28+00:00","breadcrumb":{"@id":"https:\/\/talhabarut.com\/index.php\/faaliyet-alanlarimiz\/#breadcrumb"},"inLanguage":"tr","potentialAction":[{"@type":"ReadAction","target":["https:\/\/talhabarut.com\/index.php\/faaliyet-alanlarimiz\/"]}]},{"@type":"ImageObject","inLanguage":"tr","@id":"https:\/\/talhabarut.com\/index.php\/faaliyet-alanlarimiz\/#primaryimage","url":"http:\/\/talhabarut.com\/wp-content\/uploads\/2019\/08\/sayfa_faaliyetalanlarimiz.jpg","contentUrl":"http:\/\/talhabarut.com\/wp-content\/uploads\/2019\/08\/sayfa_faaliyetalanlarimiz.jpg"},{"@type":"BreadcrumbList","@id":"https:\/\/talhabarut.com\/index.php\/faaliyet-alanlarimiz\/#breadcrumb","itemListElement":[{"@type":"ListItem","position":1,"name":"Ana sayfa","item":"https:\/\/talhabarut.com\/"},{"@type":"ListItem","position":2,"name":"Faaliyet Alanlar\u0131m\u0131z"}]},{"@type":"WebSite","@id":"https:\/\/talhabarut.com\/#website","url":"https:\/\/talhabarut.com\/","name":"Talha Barut","description":"Anwalt \/ Avukat","publisher":{"@id":"https:\/\/talhabarut.com\/#\/schema\/person\/043e4e4bf7a1cdc3c4892973f3237780"},"potentialAction":[{"@type":"SearchAction","target":{"@type":"EntryPoint","urlTemplate":"https:\/\/talhabarut.com\/?s={search_term_string}"},"query-input":{"@type":"PropertyValueSpecification","valueRequired":true,"valueName":"search_term_string"}}],"inLanguage":"tr"},{"@type":["Person","Organization"],"@id":"https:\/\/talhabarut.com\/#\/schema\/person\/043e4e4bf7a1cdc3c4892973f3237780","name":"Av. Talha Barut","image":{"@type":"ImageObject","inLanguage":"tr","@id":"https:\/\/talhabarut.com\/#\/schema\/person\/image\/","url":"https:\/\/talhabarut.com\/wp-content\/uploads\/2019\/08\/logo_200x90.jpg","contentUrl":"https:\/\/talhabarut.com\/wp-content\/uploads\/2019\/08\/logo_200x90.jpg","width":200,"height":90,"caption":"Av. Talha Barut"},"logo":{"@id":"https:\/\/talhabarut.com\/#\/schema\/person\/image\/"},"description":"Avukat Talha Barut Almanya","sameAs":["http:\/\/www.talhabarut.com"]}]}},"_links":{"self":[{"href":"https:\/\/talhabarut.com\/index.php\/wp-json\/wp\/v2\/pages\/310","targetHints":{"allow":["GET"]}}],"collection":[{"href":"https:\/\/talhabarut.com\/index.php\/wp-json\/wp\/v2\/pages"}],"about":[{"href":"https:\/\/talhabarut.com\/index.php\/wp-json\/wp\/v2\/types\/page"}],"author":[{"embeddable":true,"href":"https:\/\/talhabarut.com\/index.php\/wp-json\/wp\/v2\/users\/1"}],"replies":[{"embeddable":true,"href":"https:\/\/talhabarut.com\/index.php\/wp-json\/wp\/v2\/comments?post=310"}],"version-history":[{"count":56,"href":"https:\/\/talhabarut.com\/index.php\/wp-json\/wp\/v2\/pages\/310\/revisions"}],"predecessor-version":[{"id":1002,"href":"https:\/\/talhabarut.com\/index.php\/wp-json\/wp\/v2\/pages\/310\/revisions\/1002"}],"wp:attachment":[{"href":"https:\/\/talhabarut.com\/index.php\/wp-json\/wp\/v2\/media?parent=310"}],"curies":[{"name":"wp","href":"https:\/\/api.w.org\/{rel}","templated":true}]}}